{"id":2,"date":"2018-05-02T11:18:33","date_gmt":"2018-05-02T09:18:33","guid":{"rendered":"http:\/\/www.groupito.comhttps:\/\/www.groupito.com\/blog\/?page_id=2"},"modified":"2023-06-14T11:09:13","modified_gmt":"2023-06-14T09:09:13","slug":"qui-sommes-nous","status":"publish","type":"page","link":"https:\/\/www.groupito.com\/blog\/qui-sommes-nous\/","title":{"rendered":"Qui sommes-nous?"},"content":{"rendered":"<p><strong>Location bus, autocar ou minibus avec chauffeur aupr\u00e8s de nos centaines de transporteurs professionnels partenaires partout en France.<\/strong><\/p>\n<p>Groupito est un site ind\u00e9pendant qui vous permet de<strong> trouver un transporteur<\/strong> pour tous vos voyages en groupe, ou mini-groupe \u00e0 partir de 5 personnes.<\/p>\n<p>D\u00e9placement d\u2019une association sportive ou culturelle, s\u00e9minaire d\u2019entreprise, sortie scolaire, groupe de touristes, navettes pour mariage, transfert a\u00e9roport et gare ou enterrement de vie de jeune fille, nous avons des offres pour tous les groupes. Du van 5 ou 8 places, au minibus 9, 10, 12, 15 ou 20 places jusqu\u2019au car grand tourisme de 40, 50 ou 60 places, sur Groupito, vous trouverez un v\u00e9hicule <strong>adapt\u00e9 \u00e0 votre besoin et budget<\/strong>.<\/p>\n<p>D\u00e9poser <a href=\"https:\/\/www.groupito.com\"><strong>une seule demande de devis<\/strong><\/a> (1 minute pour la r\u00e9diger) vous permet de <strong>recevoir jusqu&rsquo;\u00e0 5 offres<\/strong> tr\u00e8s d\u00e9taill\u00e9es de nos transporteurs partenaires. Vous pourrez comparer ces offres, poser des questions aux transporteurs via le site et <strong>choisir l\u2019offre que vous pr\u00e9f\u00e9rez<\/strong> en fonction de vos crit\u00e8res de prix, type et \u00e9quipement de v\u00e9hicule ou encore conditions commerciales.<\/p>\n<p>Votre chauffeur transportera votre groupe confortablement et en toute s\u00e9curit\u00e9 \u00e0 votre destination partout en France et en Europe. Aller simple, aller-retour ou circuit sur plusieurs jours, toutes les prestations que vous voulez sont possibles.<\/p>\n<p>Pour faire votre demande de devis <a href=\"https:\/\/www.groupito.com\"><strong>allez sur Groupito.com<\/strong><\/a><\/p>\n<h2 class=\"cprp_section_title\">Vous aimerez ces autres articles :)<\/h2><div class=\"cprp_items list \"><ul><li><div class=\"cprp_data\"><div class=\"cprp_title\"><a href=\"https:\/\/www.groupito.com\/blog\/la-minute-groupito\/pourquoi-choisir-le-metier-de-conducteur-de-bus\/\" title=\"Pourquoi choisir le m\u00e9tier de conducteur de bus ?\">Pourquoi choisir le m\u00e9tier de conducteur de bus ?<\/a><\/div><\/div><\/li><li><div class=\"cprp_data\"><div class=\"cprp_title\"><a href=\"https:\/\/www.groupito.com\/blog\/la-minute-groupito\/comment-sont-calcules-les-prix-des-locations-de-bus\/\" title=\"Comment sont calcul\u00e9s les prix des locations de bus ?\">Comment sont calcul\u00e9s les prix des locations de bus ?<\/a><\/div><\/div><\/li><li><div class=\"cprp_data\"><div class=\"cprp_title\"><a href=\"https:\/\/www.groupito.com\/blog\/la-minute-groupito\/quelle-est-la-difference-entre-un-bus-et-minibus\/\" title=\"Quelle est la diff\u00e9rence entre un bus et minibus ?\">Quelle est la diff\u00e9rence entre un bus et minibus ?<\/a><\/div><\/div><\/li><li><div class=\"cprp_data\"><div class=\"cprp_title\"><a href=\"https:\/\/www.groupito.com\/blog\/la-minute-groupito\/bus-insolites-hors-du-commun\/\" title=\"Les bus les plus insolites et hors du commun\">Les bus les plus insolites et hors du commun<\/a><\/div><\/div><\/li><li><div class=\"cprp_data\"><div class=\"cprp_title\"><a href=\"https:\/\/www.groupito.com\/blog\/la-minute-groupito\/peut-on-boire-de-lalcool-dans-un-bus\/\" title=\"Peut-on boire de l&#039;alcool dans un bus ?\">Peut-on boire de l'alcool dans un bus ?<\/a><\/div><\/div><\/li><li><div class=\"cprp_data\"><div class=\"cprp_title\"><a href=\"https:\/\/www.groupito.com\/blog\/la-minute-groupito\/les-ceintures-de-securite-sont-elles-obligatoires-dans-un-autocar\/\" title=\"Les ceintures de s\u00e9curit\u00e9 sont-elles obligatoires dans un autocar ?\">Les ceintures de s\u00e9curit\u00e9 sont-elles obligatoires dans un autocar ?<\/a><\/div><\/div><\/li><li><div class=\"cprp_data\"><div class=\"cprp_title\"><a href=\"https:\/\/www.groupito.com\/blog\/la-minute-groupito\/les-differents-types-de-bus\/\" title=\"Les diff\u00e9rents types de bus\">Les diff\u00e9rents types de bus<\/a><\/div><\/div><\/li><li><div class=\"cprp_data\"><div class=\"cprp_title\"><a href=\"https:\/\/www.groupito.com\/blog\/la-minute-groupito\/quelles-sont-les-principales-caracteristiques-dun-autocar\/\" title=\"Les principales caract\u00e9ristiques techniques d\u2019un autocar\">Les principales caract\u00e9ristiques techniques d\u2019un autocar<\/a><\/div><\/div><\/li><li><div class=\"cprp_data\"><div class=\"cprp_title\"><a href=\"https:\/\/www.groupito.com\/blog\/la-minute-groupito\/a-quoi-servent-les-marteaux-brise-vitres-dans-les-autocars\/\" title=\"A quoi servent les marteaux brise-vitres dans les autocars ?\">A quoi servent les marteaux brise-vitres dans les autocars ?<\/a><\/div><\/div><\/li><li><div class=\"cprp_data\"><div class=\"cprp_title\"><a href=\"https:\/\/www.groupito.com\/blog\/la-minute-groupito\/comment-fonctionnent-les-toilettes-des-autocars\/\" title=\"Comment fonctionnent les toilettes des autocars ?\">Comment fonctionnent les toilettes des autocars ?<\/a><\/div><\/div><\/li><\/ul><\/div><div style=\"clear:both;\"><\/div>","protected":false},"excerpt":{"rendered":"<p>Location bus, autocar ou minibus avec chauffeur aupr\u00e8s de nos centaines de transporteurs professionnels partenaires partout en France. Groupito est un site ind\u00e9pendant qui vous permet de trouver un transporteur pour tous vos voyages en groupe, ou mini-groupe \u00e0 partir de 5 personnes. D\u00e9placement d\u2019une association sportive ou culturelle, s\u00e9minaire d\u2019entreprise, sortie scolaire, groupe de touristes, navettes pour mariage, transfert a\u00e9roport et gare ou enterrement de vie de jeune fille, nous avons des offres pour tous les groupes. Du van&#8230;<\/p>\n","protected":false},"author":1,"featured_media":0,"parent":0,"menu_order":0,"comment_status":"closed","ping_status":"open","template":"","meta":{"om_disable_all_campaigns":false},"aioseo_notices":[],"_links":{"self":[{"href":"https:\/\/www.groupito.com\/blog\/wp-json\/wp\/v2\/pages\/2"}],"collection":[{"href":"https:\/\/www.groupito.com\/blog\/wp-json\/wp\/v2\/pages"}],"about":[{"href":"https:\/\/www.groupito.com\/blog\/wp-json\/wp\/v2\/types\/page"}],"author":[{"embeddable":true,"href":"https:\/\/www.groupito.com\/blog\/wp-json\/wp\/v2\/users\/1"}],"replies":[{"embeddable":true,"href":"https:\/\/www.groupito.com\/blog\/wp-json\/wp\/v2\/comments?post=2"}],"version-history":[{"count":14,"href":"https:\/\/www.groupito.com\/blog\/wp-json\/wp\/v2\/pages\/2\/revisions"}],"predecessor-version":[{"id":5117,"href":"https:\/\/www.groupito.com\/blog\/wp-json\/wp\/v2\/pages\/2\/revisions\/5117"}],"wp:attachment":[{"href":"https:\/\/www.groupito.com\/blog\/wp-json\/wp\/v2\/media?parent=2"}],"curies":[{"name":"wp","href":"https:\/\/api.w.org\/{rel}","templated":true}]}}